{"id":9,"date":"2024-09-13T20:08:26","date_gmt":"2024-09-13T20:08:26","guid":{"rendered":"https:\/\/laurasolla.es\/sobre\/"},"modified":"2025-09-02T12:27:50","modified_gmt":"2025-09-02T12:27:50","slug":"sobre","status":"publish","type":"page","link":"https:\/\/laurasolla.es\/en\/","title":{"rendered":"Home"},"content":{"rendered":"<div class=\"wp-block-group alignfull has-background-background-color has-background has-global-padding is-layout-constrained wp-container-core-group-is-layout-832022f9 wp-block-group-is-layout-constrained\" style=\"margin-top:0;margin-bottom:0;padding-top:0;padding-right:0;padding-bottom:0;padding-left:0\">\n<div class=\"wp-block-cover alignfull\" style=\"padding-top:0;padding-right:var(--wp--preset--spacing--30);padding-bottom:0;padding-left:var(--wp--preset--spacing--30);min-height:100vh;aspect-ratio:unset;\"><img fetchpriority=\"high\" decoding=\"async\" width=\"2560\" height=\"1707\" class=\"wp-block-cover__image-background wp-image-54\" alt=\"\" src=\"https:\/\/laurasolla.es\/wp-content\/uploads\/2024\/09\/IMG_5804-scaled.jpg\" data-object-fit=\"cover\" srcset=\"https:\/\/laurasolla.es\/wp-content\/uploads\/2024\/09\/IMG_5804-scaled.jpg 2560w, https:\/\/laurasolla.es\/wp-content\/uploads\/2024\/09\/IMG_5804-300x200.jpg 300w, https:\/\/laurasolla.es\/wp-content\/uploads\/2024\/09\/IMG_5804-1024x683.jpg 1024w, https:\/\/laurasolla.es\/wp-content\/uploads\/2024\/09\/IMG_5804-768x512.jpg 768w, https:\/\/laurasolla.es\/wp-content\/uploads\/2024\/09\/IMG_5804-1536x1024.jpg 1536w, https:\/\/laurasolla.es\/wp-content\/uploads\/2024\/09\/IMG_5804-2048x1365.jpg 2048w\" sizes=\"(max-width: 2560px) 100vw, 2560px\" \/><span aria-hidden=\"true\" class=\"wp-block-cover__background has-black-background-color has-background-dim-60 has-background-dim\"><\/span><div class=\"wp-block-cover__inner-container is-layout-flow wp-block-cover-is-layout-flow\">\n<div class=\"wp-block-group has-global-padding is-layout-constrained wp-block-group-is-layout-constrained\" style=\"padding-top:var(--wp--preset--spacing--60);padding-bottom:var(--wp--preset--spacing--60)\">\n<div class=\"wp-block-group alignwide has-global-padding is-content-justification-left is-layout-constrained wp-container-core-group-is-layout-12dd3699 wp-block-group-is-layout-constrained\">\n<h1 class=\"wp-block-heading has-text-color has-x-large-font-size\" style=\"color:#fffffffc\">Laura Solla                     <\/h1>\n\n\n\n<p class=\"has-large-font-size\">\u2014 <em>Session and live guitarist based in Madrid<\/em> \u2014<\/p>\n<\/div>\n<\/div>\n<\/div><\/div>\n<\/div>\n\n\n\n<div class=\"wp-block-group alignfull has-tertiary-background-color has-background has-global-padding is-layout-constrained wp-container-core-group-is-layout-7276a2bb wp-block-group-is-layout-constrained\" style=\"margin-top:0;margin-bottom:0;padding-top:var(--wp--preset--spacing--60);padding-right:var(--wp--preset--spacing--30);padding-bottom:var(--wp--preset--spacing--60);padding-left:var(--wp--preset--spacing--30)\">\n<div class=\"wp-block-group alignwide has-global-padding is-content-justification-left is-layout-constrained wp-container-core-group-is-layout-27f0ab10 wp-block-group-is-layout-constrained\" style=\"margin-bottom:var(--wp--preset--spacing--30)\">\n<p class=\"has-text-align-left\" style=\"margin-top:16px\"><\/p>\n<\/div>\n\n\n\n<div class=\"wp-block-columns alignwide is-layout-flex wp-container-core-columns-is-layout-1da03c2a wp-block-columns-is-layout-flex\">\n<div class=\"wp-block-column is-vertically-aligned-center is-layout-flow wp-block-column-is-layout-flow\">\n<h2 class=\"wp-block-heading has-text-align-left has-large-font-size\" style=\"margin-top:var(--wp--preset--spacing--30);margin-bottom:var(--wp--preset--spacing--30)\">My story<\/h2>\n\n\n\n<div class=\"wp-block-group has-global-padding is-layout-constrained wp-block-group-is-layout-constrained\" style=\"border-bottom-color:var(--wp--preset--color--tertiary);border-bottom-width:1px;margin-top:0;padding-top:0;padding-bottom:0\">\n<h4 class=\"wp-block-heading has-medium-font-size\">INICIOS<\/h4>\n\n\n\n<p class=\"has-small-font-size\" style=\"margin-top:12px\">I was born in Ourense but raised in Pontevedra; there was always music and instruments in my house because my father is a musician (he plays the piano), and my uncle plays both the guitar and the piano. For this reason, when I started to take an interest in music, and specifically in the guitar, I had my father's Spanish guitar at hand to start experimenting with it.<\/p>\n<\/div>\n\n\n\n<div class=\"wp-block-group has-global-padding is-layout-constrained wp-block-group-is-layout-constrained\" style=\"border-bottom-color:var(--wp--preset--color--tertiary);border-bottom-width:1px;margin-top:var(--wp--preset--spacing--20);padding-top:0;padding-bottom:0\">\n<h4 class=\"wp-block-heading has-medium-font-size\">Influencias<\/h4>\n\n\n\n<p class=\"has-small-font-size\" style=\"margin-top:12px\">My main inspiration and motivation to explore and improve was rock in all its forms: 60s rock, such as The Beatles, Jimi Hendrix, The Doors, etc.; 70s rock, like Led Zeppelin, Deep Purple, Jeff Beck, Lynyrd Skynyrd, AC\/DC, Ramones, and a long etc.; 80s rock, like M\u00f6tley Cr\u00fce, Def Leppard, The Police, Stevie Ray Vaughan, The Georgia Satellites, Judas Priest, etc.; and 90s rock, such as Extreme, The Black Crowes, Nirvana, Alice in Chains, Stone Temple Pilots, Soundgarden, and many more. Over the years, I became interested in many other genres, like black music in all its forms (funk, soul, blues, RnB), country, boleros, or flamenco.<\/p>\n<\/div>\n\n\n\n<div class=\"wp-block-group has-global-padding is-layout-constrained wp-block-group-is-layout-constrained\" style=\"border-bottom-color:var(--wp--preset--color--tertiary);border-bottom-width:1px;margin-top:var(--wp--preset--spacing--20);padding-top:0;padding-bottom:0\">\n<h4 class=\"wp-block-heading has-medium-font-size\">Comienzo de mi carrera musical&nbsp;en&nbsp;Galicia<\/h4>\n\n\n\n<p class=\"has-small-font-size\" style=\"margin-top:12px\">I have been playing, recording, and touring with bands since I was 18. During my years in Galicia (before moving to Madrid), I played with <strong>Sugar Mountain<\/strong>, <strong>1000 Demonios Blues Band<\/strong>, <strong>Voltage<\/strong>, <strong>Querido Extra\u00f1o<\/strong>, <strong>Cora Velasco<\/strong>, <strong>Fifty Fifty Blues Band<\/strong>, <strong>Shoubinhas<\/strong>, <strong>The Funkles <\/strong>(a Beatles tribute band with which we played in Liverpool, Germany, Finland, Russia, etc.), <strong>Immaculate Fools<\/strong>, <strong>Basanta<\/strong>, <strong>Point Panic<\/strong> (surf instrumental), <strong>Oscar Avenda\u00f1o<\/strong>, <strong>Adam Giles Levy<\/strong>, etc., and collaborated with <strong>Dixie Town<\/strong>, <strong>Burning<\/strong>, <strong>Dan Baird<\/strong>, <strong>Juli\u00e1n Maeso<\/strong>, etc.<\/p>\n\n\n\n<h4 class=\"wp-block-heading has-medium-font-size\">Arrival in Madrid<\/h4>\n\n\n\n<p class=\"has-small-font-size\" style=\"margin-top:12px\">In September 2017, I moved to Madrid, where I still reside and work to this day, taking part in numerous projects such as <strong>Cherry &amp; the Ladies<\/strong>, <strong>Eva Ryjlen<\/strong>, <strong>Gallos<\/strong>, <strong>Purple Lemon<\/strong>, <strong>The Stickless<\/strong>, <strong>La Banda de Late Motiv<\/strong>, as a member of the house band in multiple jam sessions (Sala Juglar, Wurlitzer Ballroom, Marula, Sala BarCo\u2026), <strong>Rockin&#8217; Girls<\/strong>, <strong>Trebor<\/strong>, <strong>Lino Suricato<\/strong>, <strong>Hafa<\/strong>, <strong>Tongo<\/strong>, <strong>Shrizz &amp; the Kiddz<\/strong>, <strong>Bluesas<\/strong>, <strong>Ladies in<\/strong> <strong>Blues<\/strong>, <strong>Raquel Garc\u00eda &amp; C\u00eda,<\/strong> <strong>Traste3<\/strong>, <strong>Yorch<\/strong>\u2026 In 2021, after the Covid hiatus, which I took advantage of by spending time in Jerez learning some flamenco, I started getting calls to tour with artists such as <strong>Aitana<\/strong>, <strong>Alba Reche<\/strong>, <strong>Nat Simons<\/strong>, <strong>Cris M\u00e9ndez<\/strong>, <strong>Juicy BAE<\/strong>, <strong>Blas Cant\u00f3<\/strong>, <strong>Juan Rozoff<\/strong>, <strong>Beatriz Luengo<\/strong>, <strong>Lichis<\/strong>, <strong>Marilia Monz\u00f3n<\/strong>, <strong>Lorena G\u00f3mez<\/strong>, <strong>Marilia <\/strong>(Ella Baila Sola), <strong>Conchita<\/strong>, <strong>Cherie Currie <\/strong>(The Runaways), <strong>Ariel Rot<\/strong>\u2026 and also to collaborate with artists such as <strong>Kiko Veneno<\/strong> o <strong>Zahara<\/strong>.<\/p>\n\n\n\n<p class=\"has-small-font-size\" style=\"margin-top:12px\">Since 2023, I have been part of the house band for <strong>Cadena 100 Por Ellas<\/strong>, evento que se celebra cada a\u00f1o en el Movistar Arena, en el cual he acompa\u00f1ado a artistas como <strong>Amaral<\/strong>, <strong>Sergio Dalma<\/strong>, <strong>Edurne<\/strong>, <strong>Vicco<\/strong>, <strong>Rozal\u00e9n<\/strong>, <strong>\u00c1lvaro de Luna<\/strong>, <strong>Abraham Mateo<\/strong>, <strong>\u00cd\u00f1igo Quintero<\/strong>, <strong>Nil Moliner<\/strong>, <strong>Dani Fern\u00e1ndez<\/strong>, <strong>Nena Daconte<\/strong>, <strong>Miriam Rodr\u00edguez<\/strong>, <strong>Paula Mattheus<\/strong>, <strong>Julia Medina<\/strong>, <strong>Melocos<\/strong>, <strong>Marlena<\/strong>, <strong>Marina Carmona<\/strong>, etc<\/p>\n<\/div>\n\n\n\n<div class=\"wp-block-group has-global-padding is-layout-constrained wp-block-group-is-layout-constrained\" style=\"margin-top:var(--wp--preset--spacing--30);padding-top:0;padding-bottom:0\">\n<h4 class=\"wp-block-heading has-medium-font-size\">Haciendo&nbsp;historia<\/h4>\n\n\n\n<p class=\"has-small-font-size\" style=\"margin-top:12px\">En el a\u00f1o 2022 una foto m\u00eda form\u00f3 parte de una exposici\u00f3n del <strong>Festival de Guitarra de C\u00f3rdoba<\/strong> llamada <strong>Guitarras con \u00d1<\/strong>, junto a algunos de los guitarristas m\u00e1s importantes de habla hispana de la historia. En el a\u00f1o 2023 tuve la oportunidad de colaborar con <strong>Coldplay <\/strong>tocando \u201cSparks\u201d con el Lap Steel durante sus cuatro conciertos en Co\u00edmbra delante de 55.000 personas cada noche.<br><\/p>\n<\/div>\n\n\n\n<div class=\"wp-block-group has-global-padding is-layout-constrained wp-block-group-is-layout-constrained\" style=\"border-bottom-color:var(--wp--preset--color--tertiary);border-bottom-width:1px;margin-top:var(--wp--preset--spacing--20);padding-top:0;padding-bottom:0\">\n<h4 class=\"wp-block-heading has-medium-font-size\">Actualidad y Futuro&nbsp;Pr\u00f3ximo<\/h4>\n\n\n\n<p class=\"has-small-font-size\" style=\"margin-top:12px\">At the moment, I am in the process of composing, arranging, and demoing my songs.<\/p>\n\n\n\n<p class=\"has-small-font-size\" style=\"margin-top:12px\"> Disponibilidad para grabaciones y clases&nbsp;de&nbsp;guitarra.<\/p>\n<\/div>\n<\/div>\n\n\n\n<div class=\"wp-block-column is-layout-flow wp-block-column-is-layout-flow\">\n<figure data-wp-context=\"{&quot;imageId&quot;:&quot;69e037e353dce&quot;}\" data-wp-interactive=\"core\/image\" data-wp-key=\"69e037e353dce\" class=\"wp-block-image size-full wp-lightbox-container\"><img decoding=\"async\" width=\"900\" height=\"600\" data-wp-class--hide=\"state.isContentHidden\" data-wp-class--show=\"state.isContentVisible\" data-wp-init=\"callbacks.setButtonStyles\" data-wp-on--click=\"actions.showLightbox\" data-wp-on--load=\"callbacks.setButtonStyles\" data-wp-on-window--resize=\"callbacks.setButtonStyles\" src=\"https:\/\/laurasolla.es\/wp-content\/uploads\/2024\/09\/8B75A375-057B-4E55-A5D8-5DB78C228040.jpg\" alt=\"\" class=\"wp-image-58\" style=\"aspect-ratio:1;object-fit:cover\" srcset=\"https:\/\/laurasolla.es\/wp-content\/uploads\/2024\/09\/8B75A375-057B-4E55-A5D8-5DB78C228040.jpg 900w, https:\/\/laurasolla.es\/wp-content\/uploads\/2024\/09\/8B75A375-057B-4E55-A5D8-5DB78C228040-300x200.jpg 300w, https:\/\/laurasolla.es\/wp-content\/uploads\/2024\/09\/8B75A375-057B-4E55-A5D8-5DB78C228040-768x512.jpg 768w\" sizes=\"(max-width: 900px) 100vw, 900px\" \/><button\n\t\t\tclass=\"lightbox-trigger\"\n\t\t\ttype=\"button\"\n\t\t\taria-haspopup=\"dialog\"\n\t\t\taria-label=\"Enlarge\"\n\t\t\tdata-wp-init=\"callbacks.initTriggerButton\"\n\t\t\tdata-wp-on--click=\"actions.showLightbox\"\n\t\t\tdata-wp-style--right=\"state.imageButtonRight\"\n\t\t\tdata-wp-style--top=\"state.imageButtonTop\"\n\t\t>\n\t\t\t<svg xmlns=\"http:\/\/www.w3.org\/2000\/svg\" width=\"12\" height=\"12\" fill=\"none\" viewbox=\"0 0 12 12\">\n\t\t\t\t<path fill=\"#fff\" d=\"M2 0a2 2 0 0 0-2 2v2h1.5V2a.5.5 0 0 1 .5-.5h2V0H2Zm2 10.5H2a.5.5 0 0 1-.5-.5V8H0v2a2 2 0 0 0 2 2h2v-1.5ZM8 12v-1.5h2a.5.5 0 0 0 .5-.5V8H12v2a2 2 0 0 1-2 2H8Zm2-12a2 2 0 0 1 2 2v2h-1.5V2a.5.5 0 0 0-.5-.5H8V0h2Z\" \/>\n\t\t\t<\/svg>\n\t\t<\/button><\/figure>\n\n\n\n<div class=\"wp-block-group is-nowrap is-layout-flex wp-container-core-group-is-layout-6c531013 wp-block-group-is-layout-flex\">\n<figure data-wp-context=\"{&quot;imageId&quot;:&quot;69e037e3541bd&quot;}\" data-wp-interactive=\"core\/image\" data-wp-key=\"69e037e3541bd\" class=\"wp-block-image size-full is-style-default wp-lightbox-container\"><img decoding=\"async\" width=\"1467\" height=\"2200\" data-wp-class--hide=\"state.isContentHidden\" data-wp-class--show=\"state.isContentVisible\" data-wp-init=\"callbacks.setButtonStyles\" data-wp-on--click=\"actions.showLightbox\" data-wp-on--load=\"callbacks.setButtonStyles\" data-wp-on-window--resize=\"callbacks.setButtonStyles\" src=\"https:\/\/laurasolla.es\/wp-content\/uploads\/2024\/09\/IMG_8306.jpg\" alt=\"\" class=\"wp-image-59\" style=\"aspect-ratio:1;object-fit:cover\" srcset=\"https:\/\/laurasolla.es\/wp-content\/uploads\/2024\/09\/IMG_8306.jpg 1467w, https:\/\/laurasolla.es\/wp-content\/uploads\/2024\/09\/IMG_8306-200x300.jpg 200w, https:\/\/laurasolla.es\/wp-content\/uploads\/2024\/09\/IMG_8306-683x1024.jpg 683w, https:\/\/laurasolla.es\/wp-content\/uploads\/2024\/09\/IMG_8306-768x1152.jpg 768w, https:\/\/laurasolla.es\/wp-content\/uploads\/2024\/09\/IMG_8306-1024x1536.jpg 1024w, https:\/\/laurasolla.es\/wp-content\/uploads\/2024\/09\/IMG_8306-1366x2048.jpg 1366w\" sizes=\"(max-width: 1467px) 100vw, 1467px\" \/><button\n\t\t\tclass=\"lightbox-trigger\"\n\t\t\ttype=\"button\"\n\t\t\taria-haspopup=\"dialog\"\n\t\t\taria-label=\"Enlarge\"\n\t\t\tdata-wp-init=\"callbacks.initTriggerButton\"\n\t\t\tdata-wp-on--click=\"actions.showLightbox\"\n\t\t\tdata-wp-style--right=\"state.imageButtonRight\"\n\t\t\tdata-wp-style--top=\"state.imageButtonTop\"\n\t\t>\n\t\t\t<svg xmlns=\"http:\/\/www.w3.org\/2000\/svg\" width=\"12\" height=\"12\" fill=\"none\" viewbox=\"0 0 12 12\">\n\t\t\t\t<path fill=\"#fff\" d=\"M2 0a2 2 0 0 0-2 2v2h1.5V2a.5.5 0 0 1 .5-.5h2V0H2Zm2 10.5H2a.5.5 0 0 1-.5-.5V8H0v2a2 2 0 0 0 2 2h2v-1.5ZM8 12v-1.5h2a.5.5 0 0 0 .5-.5V8H12v2a2 2 0 0 1-2 2H8Zm2-12a2 2 0 0 1 2 2v2h-1.5V2a.5.5 0 0 0-.5-.5H8V0h2Z\" \/>\n\t\t\t<\/svg>\n\t\t<\/button><\/figure>\n\n\n\n<figure data-wp-context=\"{&quot;imageId&quot;:&quot;69e037e354525&quot;}\" data-wp-interactive=\"core\/image\" data-wp-key=\"69e037e354525\" class=\"wp-block-image size-full wp-lightbox-container\"><img loading=\"lazy\" decoding=\"async\" width=\"600\" height=\"900\" data-wp-class--hide=\"state.isContentHidden\" data-wp-class--show=\"state.isContentVisible\" data-wp-init=\"callbacks.setButtonStyles\" data-wp-on--click=\"actions.showLightbox\" data-wp-on--load=\"callbacks.setButtonStyles\" data-wp-on-window--resize=\"callbacks.setButtonStyles\" src=\"https:\/\/laurasolla.es\/wp-content\/uploads\/2024\/09\/11EF8291-8539-49D2-B927-D56BCF2EB80E.jpg\" alt=\"\" class=\"wp-image-57\" style=\"aspect-ratio:9\/16;object-fit:cover\" srcset=\"https:\/\/laurasolla.es\/wp-content\/uploads\/2024\/09\/11EF8291-8539-49D2-B927-D56BCF2EB80E.jpg 600w, https:\/\/laurasolla.es\/wp-content\/uploads\/2024\/09\/11EF8291-8539-49D2-B927-D56BCF2EB80E-200x300.jpg 200w\" sizes=\"(max-width: 600px) 100vw, 600px\" \/><button\n\t\t\tclass=\"lightbox-trigger\"\n\t\t\ttype=\"button\"\n\t\t\taria-haspopup=\"dialog\"\n\t\t\taria-label=\"Enlarge\"\n\t\t\tdata-wp-init=\"callbacks.initTriggerButton\"\n\t\t\tdata-wp-on--click=\"actions.showLightbox\"\n\t\t\tdata-wp-style--right=\"state.imageButtonRight\"\n\t\t\tdata-wp-style--top=\"state.imageButtonTop\"\n\t\t>\n\t\t\t<svg xmlns=\"http:\/\/www.w3.org\/2000\/svg\" width=\"12\" height=\"12\" fill=\"none\" viewbox=\"0 0 12 12\">\n\t\t\t\t<path fill=\"#fff\" d=\"M2 0a2 2 0 0 0-2 2v2h1.5V2a.5.5 0 0 1 .5-.5h2V0H2Zm2 10.5H2a.5.5 0 0 1-.5-.5V8H0v2a2 2 0 0 0 2 2h2v-1.5ZM8 12v-1.5h2a.5.5 0 0 0 .5-.5V8H12v2a2 2 0 0 1-2 2H8Zm2-12a2 2 0 0 1 2 2v2h-1.5V2a.5.5 0 0 0-.5-.5H8V0h2Z\" \/>\n\t\t\t<\/svg>\n\t\t<\/button><\/figure>\n\n\n\n<figure data-wp-context=\"{&quot;imageId&quot;:&quot;69e037e354888&quot;}\" data-wp-interactive=\"core\/image\" data-wp-key=\"69e037e354888\" class=\"wp-block-image size-large wp-lightbox-container\"><img loading=\"lazy\" decoding=\"async\" width=\"731\" height=\"1024\" data-wp-class--hide=\"state.isContentHidden\" data-wp-class--show=\"state.isContentVisible\" data-wp-init=\"callbacks.setButtonStyles\" data-wp-on--click=\"actions.showLightbox\" data-wp-on--load=\"callbacks.setButtonStyles\" data-wp-on-window--resize=\"callbacks.setButtonStyles\" src=\"https:\/\/laurasolla.es\/wp-content\/uploads\/2024\/09\/IMG_6631-731x1024.jpg\" alt=\"\" class=\"wp-image-53\" style=\"aspect-ratio:9\/16;object-fit:cover\" srcset=\"https:\/\/laurasolla.es\/wp-content\/uploads\/2024\/09\/IMG_6631-731x1024.jpg 731w, https:\/\/laurasolla.es\/wp-content\/uploads\/2024\/09\/IMG_6631-214x300.jpg 214w, https:\/\/laurasolla.es\/wp-content\/uploads\/2024\/09\/IMG_6631-768x1075.jpg 768w, https:\/\/laurasolla.es\/wp-content\/uploads\/2024\/09\/IMG_6631-1097x1536.jpg 1097w, https:\/\/laurasolla.es\/wp-content\/uploads\/2024\/09\/IMG_6631-1463x2048.jpg 1463w, https:\/\/laurasolla.es\/wp-content\/uploads\/2024\/09\/IMG_6631-scaled.jpg 1829w\" sizes=\"(max-width: 731px) 100vw, 731px\" \/><button\n\t\t\tclass=\"lightbox-trigger\"\n\t\t\ttype=\"button\"\n\t\t\taria-haspopup=\"dialog\"\n\t\t\taria-label=\"Enlarge\"\n\t\t\tdata-wp-init=\"callbacks.initTriggerButton\"\n\t\t\tdata-wp-on--click=\"actions.showLightbox\"\n\t\t\tdata-wp-style--right=\"state.imageButtonRight\"\n\t\t\tdata-wp-style--top=\"state.imageButtonTop\"\n\t\t>\n\t\t\t<svg xmlns=\"http:\/\/www.w3.org\/2000\/svg\" width=\"12\" height=\"12\" fill=\"none\" viewbox=\"0 0 12 12\">\n\t\t\t\t<path fill=\"#fff\" d=\"M2 0a2 2 0 0 0-2 2v2h1.5V2a.5.5 0 0 1 .5-.5h2V0H2Zm2 10.5H2a.5.5 0 0 1-.5-.5V8H0v2a2 2 0 0 0 2 2h2v-1.5ZM8 12v-1.5h2a.5.5 0 0 0 .5-.5V8H12v2a2 2 0 0 1-2 2H8Zm2-12a2 2 0 0 1 2 2v2h-1.5V2a.5.5 0 0 0-.5-.5H8V0h2Z\" \/>\n\t\t\t<\/svg>\n\t\t<\/button><\/figure>\n<\/div>\n\n\n\n<div class=\"wp-block-group is-content-justification-center is-nowrap is-layout-flex wp-container-core-group-is-layout-23441af8 wp-block-group-is-layout-flex\" style=\"min-height:0px\">\n<figure data-wp-context=\"{&quot;imageId&quot;:&quot;69e037e354c28&quot;}\" data-wp-interactive=\"core\/image\" data-wp-key=\"69e037e354c28\" class=\"wp-block-image size-full wp-lightbox-container\"><img loading=\"lazy\" decoding=\"async\" width=\"1707\" height=\"2560\" data-wp-class--hide=\"state.isContentHidden\" data-wp-class--show=\"state.isContentVisible\" data-wp-init=\"callbacks.setButtonStyles\" data-wp-on--click=\"actions.showLightbox\" data-wp-on--load=\"callbacks.setButtonStyles\" data-wp-on-window--resize=\"callbacks.setButtonStyles\" src=\"https:\/\/laurasolla.es\/wp-content\/uploads\/2024\/09\/IMG_3788-scaled.jpg\" alt=\"\" class=\"wp-image-52\" style=\"aspect-ratio:3\/4;object-fit:cover\" srcset=\"https:\/\/laurasolla.es\/wp-content\/uploads\/2024\/09\/IMG_3788-scaled.jpg 1707w, https:\/\/laurasolla.es\/wp-content\/uploads\/2024\/09\/IMG_3788-200x300.jpg 200w, https:\/\/laurasolla.es\/wp-content\/uploads\/2024\/09\/IMG_3788-683x1024.jpg 683w, https:\/\/laurasolla.es\/wp-content\/uploads\/2024\/09\/IMG_3788-768x1152.jpg 768w, https:\/\/laurasolla.es\/wp-content\/uploads\/2024\/09\/IMG_3788-1024x1536.jpg 1024w, https:\/\/laurasolla.es\/wp-content\/uploads\/2024\/09\/IMG_3788-1365x2048.jpg 1365w\" sizes=\"(max-width: 1707px) 100vw, 1707px\" \/><button\n\t\t\tclass=\"lightbox-trigger\"\n\t\t\ttype=\"button\"\n\t\t\taria-haspopup=\"dialog\"\n\t\t\taria-label=\"Enlarge\"\n\t\t\tdata-wp-init=\"callbacks.initTriggerButton\"\n\t\t\tdata-wp-on--click=\"actions.showLightbox\"\n\t\t\tdata-wp-style--right=\"state.imageButtonRight\"\n\t\t\tdata-wp-style--top=\"state.imageButtonTop\"\n\t\t>\n\t\t\t<svg xmlns=\"http:\/\/www.w3.org\/2000\/svg\" width=\"12\" height=\"12\" fill=\"none\" viewbox=\"0 0 12 12\">\n\t\t\t\t<path fill=\"#fff\" d=\"M2 0a2 2 0 0 0-2 2v2h1.5V2a.5.5 0 0 1 .5-.5h2V0H2Zm2 10.5H2a.5.5 0 0 1-.5-.5V8H0v2a2 2 0 0 0 2 2h2v-1.5ZM8 12v-1.5h2a.5.5 0 0 0 .5-.5V8H12v2a2 2 0 0 1-2 2H8Zm2-12a2 2 0 0 1 2 2v2h-1.5V2a.5.5 0 0 0-.5-.5H8V0h2Z\" \/>\n\t\t\t<\/svg>\n\t\t<\/button><\/figure>\n\n\n\n<figure data-wp-context=\"{&quot;imageId&quot;:&quot;69e037e354f87&quot;}\" data-wp-interactive=\"core\/image\" data-wp-key=\"69e037e354f87\" class=\"wp-block-image size-full has-custom-border wp-container-content-69bc4bdf wp-duotone-foreground-and-background wp-lightbox-container\"><img loading=\"lazy\" decoding=\"async\" width=\"1829\" height=\"2560\" data-wp-class--hide=\"state.isContentHidden\" data-wp-class--show=\"state.isContentVisible\" data-wp-init=\"callbacks.setButtonStyles\" data-wp-on--click=\"actions.showLightbox\" data-wp-on--load=\"callbacks.setButtonStyles\" data-wp-on-window--resize=\"callbacks.setButtonStyles\" src=\"https:\/\/laurasolla.es\/wp-content\/uploads\/2024\/09\/IMG_6642-scaled.jpg\" alt=\"\" class=\"wp-image-56\" style=\"border-style:none;border-width:0px;border-radius:0px;aspect-ratio:3\/4;object-fit:cover\" srcset=\"https:\/\/laurasolla.es\/wp-content\/uploads\/2024\/09\/IMG_6642-scaled.jpg 1829w, https:\/\/laurasolla.es\/wp-content\/uploads\/2024\/09\/IMG_6642-214x300.jpg 214w, https:\/\/laurasolla.es\/wp-content\/uploads\/2024\/09\/IMG_6642-731x1024.jpg 731w, https:\/\/laurasolla.es\/wp-content\/uploads\/2024\/09\/IMG_6642-768x1075.jpg 768w, https:\/\/laurasolla.es\/wp-content\/uploads\/2024\/09\/IMG_6642-1097x1536.jpg 1097w, https:\/\/laurasolla.es\/wp-content\/uploads\/2024\/09\/IMG_6642-1463x2048.jpg 1463w\" sizes=\"(max-width: 1829px) 100vw, 1829px\" \/><button\n\t\t\tclass=\"lightbox-trigger\"\n\t\t\ttype=\"button\"\n\t\t\taria-haspopup=\"dialog\"\n\t\t\taria-label=\"Enlarge\"\n\t\t\tdata-wp-init=\"callbacks.initTriggerButton\"\n\t\t\tdata-wp-on--click=\"actions.showLightbox\"\n\t\t\tdata-wp-style--right=\"state.imageButtonRight\"\n\t\t\tdata-wp-style--top=\"state.imageButtonTop\"\n\t\t>\n\t\t\t<svg xmlns=\"http:\/\/www.w3.org\/2000\/svg\" width=\"12\" height=\"12\" fill=\"none\" viewbox=\"0 0 12 12\">\n\t\t\t\t<path fill=\"#fff\" d=\"M2 0a2 2 0 0 0-2 2v2h1.5V2a.5.5 0 0 1 .5-.5h2V0H2Zm2 10.5H2a.5.5 0 0 1-.5-.5V8H0v2a2 2 0 0 0 2 2h2v-1.5ZM8 12v-1.5h2a.5.5 0 0 0 .5-.5V8H12v2a2 2 0 0 1-2 2H8Zm2-12a2 2 0 0 1 2 2v2h-1.5V2a.5.5 0 0 0-.5-.5H8V0h2Z\" \/>\n\t\t\t<\/svg>\n\t\t<\/button><\/figure>\n<\/div>\n<\/div>\n<\/div>\n<\/div>\n\n\n\n<p><\/p>","protected":false},"excerpt":{"rendered":"<p>Mi historia INICIOS Nac\u00ed en Ourense pero me he criado en Pontevedra; en mi casa siempre hubo m\u00fasica e instrumentos porque mi padre es m\u00fasico (toca el piano) y mi t\u00edo toca la guitarra y el piano. Por esta raz\u00f3n, cuando empec\u00e9 a interesarme en la m\u00fasica y, concretamente, en la guitarra, tuve a mano [&hellip;]<\/p>\n","protected":false},"author":1,"featured_media":0,"parent":0,"menu_order":0,"comment_status":"closed","ping_status":"closed","template":"no-title","meta":{"footnotes":""},"class_list":["post-9","page","type-page","status-publish","hentry"],"aioseo_notices":[],"_links":{"self":[{"href":"https:\/\/laurasolla.es\/en\/wp-json\/wp\/v2\/pages\/9","targetHints":{"allow":["GET"]}}],"collection":[{"href":"https:\/\/laurasolla.es\/en\/wp-json\/wp\/v2\/pages"}],"about":[{"href":"https:\/\/laurasolla.es\/en\/wp-json\/wp\/v2\/types\/page"}],"author":[{"embeddable":true,"href":"https:\/\/laurasolla.es\/en\/wp-json\/wp\/v2\/users\/1"}],"replies":[{"embeddable":true,"href":"https:\/\/laurasolla.es\/en\/wp-json\/wp\/v2\/comments?post=9"}],"version-history":[{"count":36,"href":"https:\/\/laurasolla.es\/en\/wp-json\/wp\/v2\/pages\/9\/revisions"}],"predecessor-version":[{"id":206,"href":"https:\/\/laurasolla.es\/en\/wp-json\/wp\/v2\/pages\/9\/revisions\/206"}],"wp:attachment":[{"href":"https:\/\/laurasolla.es\/en\/wp-json\/wp\/v2\/media?parent=9"}],"curies":[{"name":"wp","href":"https:\/\/api.w.org\/{rel}","templated":true}]}}